{"id":21244,"date":"2026-03-14T10:22:25","date_gmt":"2026-03-14T14:22:25","guid":{"rendered":"http:\/\/4bd619bca4.nxcli.io\/?page_id=21244"},"modified":"2026-03-17T10:47:01","modified_gmt":"2026-03-17T14:47:01","slug":"landing","status":"publish","type":"page","link":"https:\/\/napolilaw.com\/es\/landing\/","title":{"rendered":"Landing"},"content":{"rendered":"<section class=\"section lp-header\" id=\"section_754521851\">\n\t\t<div class=\"section-bg fill\" >\n\t\t\t\t\t\t\t\t\t\n\t\t\t\n\n\t\t<\/div>\n\n\t\t\n\n\t\t<div class=\"section-content relative\">\n\t\t\t\n<div class=\"row row-full-width\"  id=\"row-1511709140\">\n\n\t<div id=\"col-1622184554\" class=\"col medium-6 small-12 large-6\"  >\n\t\t\t\t<div class=\"col-inner text-left\"  >\n\t\t\t\n\t\t\t\n\t<div class=\"img has-hover x md-x lg-x y md-y lg-y\" id=\"image_1726058859\">\n\t\t\t\t\t\t\t\t<div class=\"img-inner dark\" >\n\t\t\t<img loading=\"lazy\" decoding=\"async\" width=\"1\" height=\"1\" src=\"https:\/\/napolilaw.com\/wp-content\/uploads\/2022\/02\/logo.svg\" class=\"attachment-original size-original\" alt=\"Logotipo de Napoli Law PLLC\" \/>\t\t\t\t\t\t\n\t\t\t\t\t<\/div>\n\t\t\t\t\t\t\t\t\n<style>\n#image_1726058859 {\n  width: 60%;\n}\n<\/style>\n\t<\/div>\n\t\n\t\t<\/div>\n\t\t\t\t\t<\/div>\n\n\t\n\n\t<div id=\"col-608661900\" class=\"col lp-h-col medium-6 small-12 large-6\"  >\n\t\t\t\t<div class=\"col-inner\"  >\n\t\t\t\n\t\t\t\n\n\t<a class=\"plain\" href=\"tel:%20(646)%20337-1580\" >\t<div class=\"icon-box featured-box icon-box-left text-left\"  >\n\t\t\t\t\t<div class=\"icon-box-img\" style=\"width: 20px\">\n\t\t\t\t<div class=\"icon\">\n\t\t\t\t\t<div class=\"icon-inner\" >\n\t\t\t\t\t\t\t\t\t\t\t<\/div>\n\t\t\t\t<\/div>\n\t\t\t<\/div>\n\t\t\t\t<div class=\"icon-box-text last-reset\">\n\t\t\t<h5 class=\"uppercase\">(646) 337-1580<\/h5>\t\t\t\t\t\t\n\t\t<\/div>\n\t<\/div>\n\t<\/a>\n\t\n<a class=\"button primary reveal-icon\" >\n\t<i class=\"icon-angle-right\" aria-hidden=\"true\"><\/i>\t<span>Cont\u00e1ctenos<\/span>\n\t<\/a>\n\n\t\t<\/div>\n\t\t\t\t\t<\/div>\n\n\t\n\n<style>\n#row-1511709140 > .col > .col-inner {\n  padding: 0px 90px 0px 90px;\n}\n<\/style>\n<\/div>\n\t\t<\/div>\n\n\t\t\n<style>\n#section_754521851 {\n  padding-top: 15px;\n  padding-bottom: 15px;\n}\n<\/style>\n\t<\/section>\n\t\n\n\t<section class=\"section\" id=\"section_1429774729\">\n\t\t<div class=\"section-bg fill\" >\n\t\t\t\t\t\t\t\t\t\n\t\t\t\n\n\t\t<\/div>\n\n\t\t\n\n\t\t<div class=\"section-content relative\">\n\t\t\t\n<div class=\"row row-full-width\"  id=\"row-35777474\">\n\n\t<div id=\"col-598007789\" class=\"col medium-6 small-12 large-6\"  >\n\t\t\t\t<div class=\"col-inner\"  >\n\t\t\t\n\t\t\t\n\t\t<\/div>\n\t\t\t\t\t<\/div>\n\n\t\n\n\t<div id=\"col-283628181\" class=\"col medium-6 small-12 large-6\"  >\n\t\t\t\t<div class=\"col-inner\"  >\n\t\t\t\n\t\t\t\n\t\t<\/div>\n\t\t\t\t\t<\/div>\n\n\t\n<\/div>\n\t\t<\/div>\n\n\t\t\n<style>\n#section_1429774729 {\n  padding-top: 90px;\n  padding-bottom: 90px;\n}\n<\/style>\n\t<\/section>\n\t\n\n\t<section class=\"section\" id=\"section_1148256722\">\n\t\t<div class=\"section-bg fill\" >\n\t\t\t\t\t\t\t\t\t\n\t\t\t\n\n\t\t<\/div>\n\n\t\t\n\n\t\t<div class=\"section-content relative\">\n\t\t\t\n<div class=\"row align-middle align-center\" style=\"max-width:1350px\" id=\"row-1165837533\">\n\n\t<div id=\"col-890736459\" class=\"col medium-10 small-12 large-6\"  >\n\t\t\t\t<div class=\"col-inner\"  >\n\t\t\t\n\t\t\t\n\t<div class=\"img has-hover x md-x lg-x y md-y lg-y\" id=\"image_926771500\">\n\t\t\t\t\t\t\t\t<div class=\"img-inner image-cover dark\" style=\"padding-top:100%;\">\n\t\t\t<img loading=\"lazy\" decoding=\"async\" width=\"725\" height=\"782\" src=\"https:\/\/napolilaw.com\/wp-content\/uploads\/2026\/03\/Rectangle-6-2.png\" class=\"attachment-original size-original\" alt=\"\" srcset=\"https:\/\/napolilaw.com\/wp-content\/uploads\/2026\/03\/Rectangle-6-2.png 725w, https:\/\/napolilaw.com\/wp-content\/uploads\/2026\/03\/Rectangle-6-2-464x500.png 464w, https:\/\/napolilaw.com\/wp-content\/uploads\/2026\/03\/Rectangle-6-2-11x12.png 11w\" sizes=\"auto, (max-width: 725px) 100vw, 725px\">\t\t\t\t\t\t\n\t\t\t\t\t<\/div>\n\t\t\t\t\t\t\t\t\n<style>\n#image_926771500 {\n  width: 100%;\n}\n@media (min-width:850px) {\n  #image_926771500 {\n    width: 100%;\n  }\n}\n<\/style>\n\t<\/div>\n\t\n\t\t<\/div>\n\t\t\t\t\n<style>\n#col-890736459 > .col-inner {\n  max-width: 100%;\n}\n<\/style>\n\t<\/div>\n\n\t\n\n\t<div id=\"col-1932404317\" class=\"col medium-10 small-12 large-6\"  >\n\t\t\t\t<div class=\"col-inner\"  >\n\t\t\t\n\t\t\t\n\t<div id=\"text-3625790004\" class=\"text\">\n\t\t\n<h6><strong>Why Choose Us?<\/strong><\/h6>\n\t\t\n<style>\n#text-3625790004 {\n  font-size: 1.25rem;\n  color: rgb(41, 141, 205);\n}\n#text-3625790004 > * {\n  color: rgb(41, 141, 205);\n}\n@media (min-width:550px) {\n  #text-3625790004 {\n    font-size: 1.3rem;\n  }\n}\n<\/style>\n\t<\/div>\n\t\n\t<div id=\"text-814193743\" class=\"text\">\n\t\t\n<h2>We Fight for You and Your Family<\/h2>\n\t\t\n<style>\n#text-814193743 {\n  font-size: 1.25rem;\n  color: rgb(34, 34, 34);\n}\n#text-814193743 > * {\n  color: rgb(34, 34, 34);\n}\n@media (min-width:550px) {\n  #text-814193743 {\n    font-size: 1.3rem;\n  }\n}\n<\/style>\n\t<\/div>\n\t\n\t<div id=\"text-2226866775\" class=\"text\">\n\t\t\n<p>At Napoli Law, we understand that your legal matter is serious. We are committed to ensuring our clients receive the justice they deserve for their injuries. As a national law firm, we are here to support you and your family during difficult times.<\/p>\n\t\t\n<style>\n#text-2226866775 {\n  color: rgb(34, 34, 34);\n}\n#text-2226866775 > * {\n  color: rgb(34, 34, 34);\n}\n<\/style>\n\t<\/div>\n\t\n<div class=\"row\"  id=\"row-1373966138\">\n\n\t<div id=\"col-1341582089\" class=\"col medium-6 small-12 large-6\"  >\n\t\t\t\t<div class=\"col-inner\"  >\n\t\t\t\n\t\t\t\n\n\t\t<div class=\"icon-box featured-box icon-box-left text-left\"  >\n\t\t\t\t\t<div class=\"icon-box-img\" style=\"width: 30px\">\n\t\t\t\t<div class=\"icon\">\n\t\t\t\t\t<div class=\"icon-inner\" >\n\t\t\t\t\t\t<img loading=\"lazy\" decoding=\"async\" width=\"500\" height=\"500\" src=\"https:\/\/napolilaw.com\/wp-content\/uploads\/2026\/03\/dollar.svg\" class=\"attachment-medium size-medium\" alt=\"\">\t\t\t\t\t<\/div>\n\t\t\t\t<\/div>\n\t\t\t<\/div>\n\t\t\t\t<div class=\"icon-box-text last-reset\">\n\t\t\t\t\t\t\t\t\t\n\t<div id=\"text-1232904681\" class=\"text\">\n\t\t\n<h4><strong>No Fees Unless We Win<\/strong><\/h4>\n<p>You pay nothing unless we win your case.<\/p>\n<p>\u00a0<\/p>\n\t\t\n<style>\n#text-1232904681 {\n  color: rgb(34, 34, 34);\n}\n#text-1232904681 > * {\n  color: rgb(34, 34, 34);\n}\n<\/style>\n\t<\/div>\n\t\n\t\t<\/div>\n\t<\/div>\n\t\n\t\n\n\t\t<div class=\"icon-box featured-box icon-box-left text-left\"  style=\"margin:30px 0px 0px 0px;\">\n\t\t\t\t\t<div class=\"icon-box-img\" style=\"width: 30px\">\n\t\t\t\t<div class=\"icon\">\n\t\t\t\t\t<div class=\"icon-inner\" >\n\t\t\t\t\t\t<img loading=\"lazy\" decoding=\"async\" width=\"500\" height=\"500\" src=\"https:\/\/napolilaw.com\/wp-content\/uploads\/2026\/03\/user.svg\" class=\"attachment-medium size-medium\" alt=\"\">\t\t\t\t\t<\/div>\n\t\t\t\t<\/div>\n\t\t\t<\/div>\n\t\t\t\t<div class=\"icon-box-text last-reset\">\n\t\t\t\t\t\t\t\t\t\n\t<div id=\"text-2386419219\" class=\"text\">\n\t\t\n<h4><strong>150+ Years of Experience<\/strong><\/h4>\n<p>Experienced attorneys fighting for you.<\/p>\n\t\t\n<style>\n#text-2386419219 {\n  color: rgb(34, 34, 34);\n}\n#text-2386419219 > * {\n  color: rgb(34, 34, 34);\n}\n<\/style>\n\t<\/div>\n\t\n\t\t<\/div>\n\t<\/div>\n\t\n\t\n\t\t<\/div>\n\t\t\t\t\t<\/div>\n\n\t\n\n\t<div id=\"col-262758326\" class=\"col medium-6 small-12 large-6\"  >\n\t\t\t\t<div class=\"col-inner\"  >\n\t\t\t\n\t\t\t\n\n\t\t<div class=\"icon-box featured-box icon-box-left text-left\"  >\n\t\t\t\t\t<div class=\"icon-box-img\" style=\"width: 30px\">\n\t\t\t\t<div class=\"icon\">\n\t\t\t\t\t<div class=\"icon-inner\" >\n\t\t\t\t\t\t<img loading=\"lazy\" decoding=\"async\" width=\"500\" height=\"500\" src=\"https:\/\/napolilaw.com\/wp-content\/uploads\/2026\/03\/law.svg\" class=\"attachment-medium size-medium\" alt=\"\">\t\t\t\t\t<\/div>\n\t\t\t\t<\/div>\n\t\t\t<\/div>\n\t\t\t\t<div class=\"icon-box-text last-reset\">\n\t\t\t\t\t\t\t\t\t\n\t<div id=\"text-3617064713\" class=\"text\">\n\t\t\n<h4><strong>Over $20 Billion Recovered<\/strong><\/h4>\n<p>Record-setting compensation secured.<\/p>\n\t\t\n<style>\n#text-3617064713 {\n  color: rgb(34, 34, 34);\n}\n#text-3617064713 > * {\n  color: rgb(34, 34, 34);\n}\n<\/style>\n\t<\/div>\n\t\n\t\t<\/div>\n\t<\/div>\n\t\n\t\n\n\t\t<div class=\"icon-box featured-box icon-box-left text-left\"  style=\"margin:50px 0px 0px 0px;\">\n\t\t\t\t\t<div class=\"icon-box-img\" style=\"width: 30px\">\n\t\t\t\t<div class=\"icon\">\n\t\t\t\t\t<div class=\"icon-inner\" >\n\t\t\t\t\t\t<img loading=\"lazy\" decoding=\"async\" width=\"500\" height=\"500\" src=\"https:\/\/napolilaw.com\/wp-content\/uploads\/2026\/03\/chat.svg\" class=\"attachment-medium size-medium\" alt=\"\">\t\t\t\t\t<\/div>\n\t\t\t\t<\/div>\n\t\t\t<\/div>\n\t\t\t\t<div class=\"icon-box-text last-reset\">\n\t\t\t\t\t\t\t\t\t\n\t<div id=\"text-3858009613\" class=\"text\">\n\t\t\n<h4><strong>We are Bilingual<\/strong><\/h4>\n<p>Whether you speak Spanish or English, our team can help you.<\/p>\n\t\t\n<style>\n#text-3858009613 {\n  color: rgb(34, 34, 34);\n}\n#text-3858009613 > * {\n  color: rgb(34, 34, 34);\n}\n<\/style>\n\t<\/div>\n\t\n\t\t<\/div>\n\t<\/div>\n\t\n\t\n\t\t<\/div>\n\t\t\t\t\t<\/div>\n\n\t\n<\/div>\n<a href=\"tel:8666799137\" class=\"button primary lowercase\" style=\"border-radius:10px;\">\n\t<i class=\"icon-phone\" aria-hidden=\"true\"><\/i>\t<span>Cont\u00e1ctenos<\/span>\n\t<\/a>\n\n<a href=\"#top\" class=\"button primary is-outline lowercase\" style=\"border-radius:10px;\">\n\t<i class=\"icon-angle-down\" aria-hidden=\"true\"><\/i>\t<span>Start Free, Private Case Review<\/span>\n\t<\/a>\n\n<div class=\"is-divider divider clearfix\" style=\"max-width:100%;height:1px;\"><\/div>\n\t\t<\/div>\n\t\t\t\t\n<style>\n#col-1932404317 > .col-inner {\n  padding: 0px 0px 0px 0px;\n}\n@media (min-width:850px) {\n  #col-1932404317 > .col-inner {\n    padding: 0px 0px 0px 40px;\n  }\n}\n<\/style>\n\t<\/div>\n\n\t\n\n<style>\n#row-1165837533 > .col > .col-inner {\n  padding: 80px 0px 80px 0px;\n}\n<\/style>\n<\/div>\n\t\t<\/div>\n\n\t\t\n<style>\n#section_1148256722 {\n  padding-top: 0px;\n  padding-bottom: 0px;\n  background-color: rgb(255, 255, 255);\n}\n<\/style>\n\t<\/section>\n\t\n\n\t<section class=\"section\" id=\"section_335268675\">\n\t\t<div class=\"section-bg fill\" >\n\t\t\t\t\t\t\t\t\t\n\t\t\t\n\n\t\t<\/div>\n\n\t\t\n\n\t\t<div class=\"section-content relative\">\n\t\t\t\n\t<div id=\"text-162036914\" class=\"text\">\n\t\t\n<h2 style=\"text-align: center;\"><span style=\"color:#fff;\">How the Process <\/span>Works<\/h2>\n\t\t\n<style>\n#text-162036914 {\n  text-align: center;\n  color: rgb(41, 141, 205);\n}\n#text-162036914 > * {\n  color: rgb(41, 141, 205);\n}\n<\/style>\n\t<\/div>\n\t\n<div class=\"row\"  id=\"row-434092481\">\n\n\t<div id=\"col-1726799065\" class=\"col medium-4 small-12 large-4\"  >\n\t\t\t\t<div class=\"col-inner\"  >\n\t\t\t\n\t\t\t\n\t<div class=\"img has-hover x md-x lg-x y md-y lg-y\" id=\"image_1063737451\">\n\t\t\t\t\t\t\t\t<div class=\"img-inner dark\" >\n\t\t\t<img loading=\"lazy\" decoding=\"async\" width=\"467\" height=\"330\" src=\"https:\/\/napolilaw.com\/wp-content\/uploads\/2026\/03\/1.png\" class=\"attachment-large size-large\" alt=\"\" srcset=\"https:\/\/napolilaw.com\/wp-content\/uploads\/2026\/03\/1.png 467w, https:\/\/napolilaw.com\/wp-content\/uploads\/2026\/03\/1-18x12.png 18w\" sizes=\"auto, (max-width: 467px) 100vw, 467px\">\t\t\t\t\t\t\n\t\t\t\t\t<\/div>\n\t\t\t\t\t\t\t\t\n<style>\n#image_1063737451 {\n  width: 100%;\n}\n<\/style>\n\t<\/div>\n\t\n\t\t<\/div>\n\t\t\t\t\t<\/div>\n\n\t\n\n\t<div id=\"col-459090135\" class=\"col medium-4 small-12 large-4\"  >\n\t\t\t\t<div class=\"col-inner\"  >\n\t\t\t\n\t\t\t\n\t<div class=\"img has-hover x md-x lg-x y md-y lg-y\" id=\"image_1661344989\">\n\t\t\t\t\t\t\t\t<div class=\"img-inner dark\" >\n\t\t\t<img loading=\"lazy\" decoding=\"async\" width=\"467\" height=\"330\" src=\"https:\/\/napolilaw.com\/wp-content\/uploads\/2026\/03\/2.png\" class=\"attachment-large size-large\" alt=\"\" srcset=\"https:\/\/napolilaw.com\/wp-content\/uploads\/2026\/03\/2.png 467w, https:\/\/napolilaw.com\/wp-content\/uploads\/2026\/03\/2-18x12.png 18w\" sizes=\"auto, (max-width: 467px) 100vw, 467px\">\t\t\t\t\t\t\n\t\t\t\t\t<\/div>\n\t\t\t\t\t\t\t\t\n<style>\n#image_1661344989 {\n  width: 100%;\n}\n<\/style>\n\t<\/div>\n\t\n\t\t<\/div>\n\t\t\t\t\t<\/div>\n\n\t\n\n\t<div id=\"col-718504024\" class=\"col medium-4 small-12 large-4\"  >\n\t\t\t\t<div class=\"col-inner\"  >\n\t\t\t\n\t\t\t\n\t<div class=\"img has-hover x md-x lg-x y md-y lg-y\" id=\"image_904507162\">\n\t\t\t\t\t\t\t\t<div class=\"img-inner dark\" >\n\t\t\t<img loading=\"lazy\" decoding=\"async\" width=\"467\" height=\"330\" src=\"https:\/\/napolilaw.com\/wp-content\/uploads\/2026\/03\/3.png\" class=\"attachment-large size-large\" alt=\"\" srcset=\"https:\/\/napolilaw.com\/wp-content\/uploads\/2026\/03\/3.png 467w, https:\/\/napolilaw.com\/wp-content\/uploads\/2026\/03\/3-18x12.png 18w\" sizes=\"auto, (max-width: 467px) 100vw, 467px\">\t\t\t\t\t\t\n\t\t\t\t\t<\/div>\n\t\t\t\t\t\t\t\t\n<style>\n#image_904507162 {\n  width: 100%;\n}\n<\/style>\n\t<\/div>\n\t\n\t\t<\/div>\n\t\t\t\t\t<\/div>\n\n\t\n<\/div>\n\t<div id=\"text-4130185345\" class=\"text\">\n\t\t\n<p style=\"text-align: center;\">Taking action today helps protect your legal rights and can bring you closer to the justice you deserve.<\/p>\n\t\t\n<style>\n#text-4130185345 {\n  color: rgb(255, 255, 255);\n}\n#text-4130185345 > * {\n  color: rgb(255, 255, 255);\n}\n<\/style>\n\t<\/div>\n\t\n<div class=\"row\"  id=\"row-16204551\">\n\n\t<div id=\"col-1818913039\" class=\"col small-12 large-12\"  >\n\t\t\t\t<div class=\"col-inner text-center\"  >\n\t\t\t\n\t\t\t\n<a href=\"#top\" class=\"button primary lowercase\" style=\"border-radius:10px;\">\n\t\t<span>Start Your Case Evaluation<\/span>\n\t<\/a>\n\n\t\t<\/div>\n\t\t\t\t\n<style>\n#col-1818913039 > .col-inner {\n  padding: 0px 0px 0px 0px;\n}\n<\/style>\n\t<\/div>\n\n\t\n<\/div>\n\t\t<\/div>\n\n\t\t\n<style>\n#section_335268675 {\n  padding-top: 30px;\n  padding-bottom: 30px;\n  min-height: 750px;\n  background-color: rgb(18, 49, 87);\n}\n<\/style>\n\t<\/section>\n\t\n\n\t<section class=\"section\" id=\"section_397461666\">\n\t\t<div class=\"section-bg fill\" >\n\t\t\t\t\t\t\t\t\t\n\t\t\t\n\n\t\t<\/div>\n\n\t\t\n\n\t\t<div class=\"section-content relative\">\n\t\t\t\n<div class=\"row align-center\"  id=\"row-230388814\">\n\n\t<div id=\"col-297944739\" class=\"col small-12 large-12\"  >\n\t\t\t\t<div class=\"col-inner text-center\"  >\n\t\t\t\n\t\t\t\n<a class=\"button primary is-outline lowercase\" style=\"border-radius:10px;\">\n\t\t<span>Proven Results<\/span>\n\t<\/a>\n\n\t<div id=\"text-3563385437\" class=\"text\">\n\t\t\n<h2><span style=\"color:#fff;\">Verdicts and\u00a0<\/span>Recent Settlements<\/h2>\n\t\t\n<style>\n#text-3563385437 {\n  text-align: center;\n  color: rgb(41, 141, 205);\n}\n#text-3563385437 > * {\n  color: rgb(41, 141, 205);\n}\n<\/style>\n\t<\/div>\n\t\n\t<div id=\"text-1938059071\" class=\"text\">\n\t\t\n<p>These are just a few of the real results we have achieved for our clients. Every case is different, but we fight to maximize your compensation.<\/p>\n\t\t\n<style>\n#text-1938059071 {\n  text-align: center;\n  color: rgb(255, 255, 255);\n}\n#text-1938059071 > * {\n  color: rgb(255, 255, 255);\n}\n<\/style>\n\t<\/div>\n\t\n<div class=\"row align-middle align-center\"  id=\"row-1080735130\">\n\n\t<div id=\"col-163213941\" class=\"col medium-4 small-12 large-4\"  >\n\t\t\t\t<div class=\"col-inner\"  >\n\t\t\t\n\t\t\t\n\n\t\t<div class=\"icon-box featured-box icon-box-center text-center\"  >\n\t\t\t\t\t<div class=\"icon-box-img\" style=\"width: 60px\">\n\t\t\t\t<div class=\"icon\">\n\t\t\t\t\t<div class=\"icon-inner\" >\n\t\t\t\t\t\t<?xml version=\"1.0\" encoding=\"utf-8\"?>\n<!DOCTYPE svg PUBLIC \"-\/\/W3C\/\/DTD SVG 1.1\/\/EN\" \"http:\/\/www.w3.org\/Graphics\/SVG\/1.1\/DTD\/svg11.dtd\">\n<svg xmlns=\"http:\/\/www.w3.org\/2000\/svg\" width=\"26\" height=\"15\" viewbox=\"0 0 26 15\" fill=\"none\"><path d=\"M7.43156 8.32121L14.4618 13.3815L23.8148 2.92814V6.7476H25.4871V0H18.7378V1.67227H22.6944L14.216 11.1457L7.31116 6.17234L0 12.7878L1.12209 14.027L7.43156 8.32121Z\" fill=\"#298DCD\"\/><\/svg>\n\t\t\t\t\t<\/div>\n\t\t\t\t<\/div>\n\t\t\t<\/div>\n\t\t\t\t<div class=\"icon-box-text last-reset\">\n\t\t\t\t\t\t\t\t\t\n\t<div id=\"text-1897110191\" class=\"text\">\n\t\t\n<h3 style=\"text-align: center;\">$2,800,000<br \/><span style=\"color: #fff; font-size: 14.4px;\">Asentamiento<br \/><\/span><span style=\"font-size: 14.4px;\">Construction Site Accident<\/span><\/h3>\n\t\t\n<style>\n#text-1897110191 {\n  text-align: center;\n  color: rgb(255, 255, 255);\n}\n#text-1897110191 > * {\n  color: rgb(255, 255, 255);\n}\n<\/style>\n\t<\/div>\n\t\n<a class=\"button primary is-outline lowercase\" style=\"border-radius:99px;\">\n\t\t<span>Lesiones Personales<\/span>\n\t<\/a>\n\n\t\t<\/div>\n\t<\/div>\n\t\n\t\n\t\t<\/div>\n\t\t\t\t\t<\/div>\n\n\t\n\n\t<div id=\"col-885705641\" class=\"col medium-4 small-12 large-4\"  >\n\t\t\t\t<div class=\"col-inner\"  >\n\t\t\t\n\t\t\t\n\n\t\t<div class=\"icon-box featured-box icon-box-center text-center\"  >\n\t\t\t\t\t<div class=\"icon-box-img\" style=\"width: 60px\">\n\t\t\t\t<div class=\"icon\">\n\t\t\t\t\t<div class=\"icon-inner\" >\n\t\t\t\t\t\t<?xml version=\"1.0\" encoding=\"utf-8\"?>\n<!DOCTYPE svg PUBLIC \"-\/\/W3C\/\/DTD SVG 1.1\/\/EN\" \"http:\/\/www.w3.org\/Graphics\/SVG\/1.1\/DTD\/svg11.dtd\">\n<svg xmlns=\"http:\/\/www.w3.org\/2000\/svg\" width=\"26\" height=\"15\" viewbox=\"0 0 26 15\" fill=\"none\"><path d=\"M7.43156 8.32121L14.4618 13.3815L23.8148 2.92814V6.7476H25.4871V0H18.7378V1.67227H22.6944L14.216 11.1457L7.31116 6.17234L0 12.7878L1.12209 14.027L7.43156 8.32121Z\" fill=\"#298DCD\"\/><\/svg>\n\t\t\t\t\t<\/div>\n\t\t\t\t<\/div>\n\t\t\t<\/div>\n\t\t\t\t<div class=\"icon-box-text last-reset\">\n\t\t\t\t\t\t\t\t\t\n\t<div id=\"text-3564179931\" class=\"text\">\n\t\t\n<h3 style=\"text-align: center;\">$1,500,000<br \/><span style=\"color: #fff; font-size: 14.4px;\">Asentamiento<br \/><\/span><span style=\"font-size: 14.4px;\">Auto Accident<\/span><\/h3>\n\t\t\n<style>\n#text-3564179931 {\n  text-align: center;\n  color: rgb(255, 255, 255);\n}\n#text-3564179931 > * {\n  color: rgb(255, 255, 255);\n}\n<\/style>\n\t<\/div>\n\t\n<a class=\"button primary is-outline lowercase\" style=\"border-radius:99px;\">\n\t\t<span>Lesiones Personales<\/span>\n\t<\/a>\n\n\t\t<\/div>\n\t<\/div>\n\t\n\t\n\t\t<\/div>\n\t\t\t\t\t<\/div>\n\n\t\n\n\t<div id=\"col-1738523058\" class=\"col medium-4 small-12 large-4\"  >\n\t\t\t\t<div class=\"col-inner\"  >\n\t\t\t\n\t\t\t\n\n\t\t<div class=\"icon-box featured-box icon-box-center text-center\"  >\n\t\t\t\t\t<div class=\"icon-box-img\" style=\"width: 60px\">\n\t\t\t\t<div class=\"icon\">\n\t\t\t\t\t<div class=\"icon-inner\" >\n\t\t\t\t\t\t<?xml version=\"1.0\" encoding=\"utf-8\"?>\n<!DOCTYPE svg PUBLIC \"-\/\/W3C\/\/DTD SVG 1.1\/\/EN\" \"http:\/\/www.w3.org\/Graphics\/SVG\/1.1\/DTD\/svg11.dtd\">\n<svg xmlns=\"http:\/\/www.w3.org\/2000\/svg\" width=\"26\" height=\"15\" viewbox=\"0 0 26 15\" fill=\"none\"><path d=\"M7.43156 8.32121L14.4618 13.3815L23.8148 2.92814V6.7476H25.4871V0H18.7378V1.67227H22.6944L14.216 11.1457L7.31116 6.17234L0 12.7878L1.12209 14.027L7.43156 8.32121Z\" fill=\"#298DCD\"\/><\/svg>\n\t\t\t\t\t<\/div>\n\t\t\t\t<\/div>\n\t\t\t<\/div>\n\t\t\t\t<div class=\"icon-box-text last-reset\">\n\t\t\t\t\t\t\t\t\t\n\t<div id=\"text-205745701\" class=\"text\">\n\t\t\n<h3 style=\"text-align: center;\">$500,000<br \/><span style=\"color: #fff; font-size: 14.4px;\">Asentamiento<br \/><\/span><span style=\"font-size: 14.4px;\">Accidente automovilistico<\/span><\/h3>\n\t\t\n<style>\n#text-205745701 {\n  text-align: center;\n  color: rgb(255, 255, 255);\n}\n#text-205745701 > * {\n  color: rgb(255, 255, 255);\n}\n<\/style>\n\t<\/div>\n\t\n<a class=\"button primary is-outline lowercase\" style=\"border-radius:99px;\">\n\t\t<span>Lesiones Personales<\/span>\n\t<\/a>\n\n\t\t<\/div>\n\t<\/div>\n\t\n\t\n\t\t<\/div>\n\t\t\t\t\t<\/div>\n\n\t\n\n<style>\n#row-1080735130 > .col > .col-inner {\n  padding: 20px 20px 20px 20px;\n  background-color: rgb(85, 121, 142);\n  border-radius: 15px;\n}\n<\/style>\n<\/div>\n\t\t<\/div>\n\t\t\t\t\n<style>\n#col-297944739 > .col-inner {\n  padding: 60px 0px 0px 0px;\n}\n<\/style>\n\t<\/div>\n\n\t\n<\/div>\n\t<div id=\"text-3069451710\" class=\"text\">\n\t\t\n<p style=\"text-align: center;\"><em>* Results may vary depending on the individual facts and legal circumstances of each case. No result shown on this website <br \/>has been approved or authorized by any state or federal court.<\/em><\/p>\n\t\t\n<style>\n#text-3069451710 {\n  text-align: center;\n  color: rgb(255, 255, 255);\n}\n#text-3069451710 > * {\n  color: rgb(255, 255, 255);\n}\n<\/style>\n\t<\/div>\n\t\n<div class=\"row\"  id=\"row-1139285703\">\n\n\t<div id=\"col-1689760962\" class=\"col small-12 large-12\"  >\n\t\t\t\t<div class=\"col-inner text-center\"  >\n\t\t\t\n\t\t\t\n<a href=\"#top\" class=\"button primary lowercase\" style=\"border-radius:10px;\">\n\t\t<span>Review My Case for Free<\/span>\n\t<\/a>\n\n\t\t<\/div>\n\t\t\t\t\t<\/div>\n\n\t\n<\/div>\n\t\t<\/div>\n\n\t\t\n<style>\n#section_397461666 {\n  padding-top: 30px;\n  padding-bottom: 30px;\n  background-color: rgb(14, 52, 79);\n}\n<\/style>\n\t<\/section>\n\t\n\n\t<section class=\"section\" id=\"section_1512813111\">\n\t\t<div class=\"section-bg fill\" >\n\t\t\t\t\t\t\t\t\t\n\t\t\t\n\n\t\t<\/div>\n\n\t\t\n\n\t\t<div class=\"section-content relative\">\n\t\t\t\n\t<div id=\"text-1229057932\" class=\"text\">\n\t\t\n<p style=\"text-align: center;\"><em>Napoli Shkolnik \u00a9 2026. All Rights Reserved. |<a href=\"http:\/\/napolilaw.com\/en\/privacy-policy\/\">\u00a0Pol\u00edtica de privacidad<\/a>\u00a0|\u00a0<a href=\"http:\/\/napolilaw.com\/en\/terms-of-use\/\">Condiciones de uso<\/a><\/em><\/p>\n<p style=\"text-align: center;\"><em>Napoli Shkolnik es una marca registrada de NSPR Legal Services LLC, una corporaci\u00f3n de responsabilidad limitada de Puerto Rico.<\/em><br \/><em>Publicidad de abogados. La informaci\u00f3n en este sitio web es solo para fines de informaci\u00f3n general. Nada en este sitio debe tomarse como consejo legal para ning\u00fan caso o situaci\u00f3n individual. Esta informaci\u00f3n no tiene la intenci\u00f3n de crear, y su recepci\u00f3n o visualizaci\u00f3n no constituye una relaci\u00f3n abogado-cliente. Los resultados anteriores mencionados en este sitio no garantizan resultados futuros.<\/em><\/p>\n\t\t\n<style>\n#text-1229057932 {\n  text-align: center;\n  color: rgb(255, 255, 255);\n}\n#text-1229057932 > * {\n  color: rgb(255, 255, 255);\n}\n<\/style>\n\t<\/div>\n\t\n\t\t<\/div>\n\n\t\t\n<style>\n#section_1512813111 {\n  padding-top: 60px;\n  padding-bottom: 60px;\n  background-color: rgb(14, 30, 47);\n}\n<\/style>\n\t<\/section>","protected":false},"excerpt":{"rendered":"","protected":false},"author":28,"featured_media":0,"parent":0,"menu_order":24,"comment_status":"closed","ping_status":"closed","template":"page-blank-landingpage.php","meta":{"_acf_changed":false,"inline_featured_image":false,"footnotes":""},"class_list":["post-21244","page","type-page","status-publish","hentry"],"acf":[],"page_builder_type":"gutenberg","gutenberg_data":[],"_links":{"self":[{"href":"https:\/\/napolilaw.com\/es\/wp-json\/wp\/v2\/pages\/21244","targetHints":{"allow":["GET"]}}],"collection":[{"href":"https:\/\/napolilaw.com\/es\/wp-json\/wp\/v2\/pages"}],"about":[{"href":"https:\/\/napolilaw.com\/es\/wp-json\/wp\/v2\/types\/page"}],"author":[{"embeddable":true,"href":"https:\/\/napolilaw.com\/es\/wp-json\/wp\/v2\/users\/28"}],"replies":[{"embeddable":true,"href":"https:\/\/napolilaw.com\/es\/wp-json\/wp\/v2\/comments?post=21244"}],"version-history":[{"count":0,"href":"https:\/\/napolilaw.com\/es\/wp-json\/wp\/v2\/pages\/21244\/revisions"}],"wp:attachment":[{"href":"https:\/\/napolilaw.com\/es\/wp-json\/wp\/v2\/media?parent=21244"}],"curies":[{"name":"wp","href":"https:\/\/api.w.org\/{rel}","templated":true}]}}